{"id":9,"date":"2025-04-19T13:04:47","date_gmt":"2025-04-19T06:04:47","guid":{"rendered":"https:\/\/dieurangmuoi.com.vn\/?page_id=9"},"modified":"2025-04-22T15:48:32","modified_gmt":"2025-04-22T08:48:32","slug":"home","status":"publish","type":"page","link":"https:\/\/dieurangmuoi.com.vn\/","title":{"rendered":"Home"},"content":{"rendered":"<h2 style=\"text-align: center;\">H\u1ea1t \u0111i\u1ec1u rang mu\u1ed1i<\/h2>\n<p style=\"text-align: center;\">\u0110\u1eb7c s\u1ea3n B\u00ecnh Ph\u01b0\u1edbc<\/p>\n<h6 style=\"text-align: center;\"><a data-tcb_hover_state_parent=\"\" href=\"#\" style=\"outline: none;\">H\u1ea1t \u0111i\u1ec1u rang mu\u1ed1i size A c\u1ed3 (A+)<\/a><\/h6>\n<h6 style=\"text-align: center;\"><a data-tcb_hover_state_parent=\"\" href=\"#\" style=\"outline: none;\">Kh\u1ed1i l\u01b0\u1ee3ng 500g \/ h\u1ed9p<\/a><\/h6>\n<h6 style=\"text-align: center;\"><a data-tcb_hover_state_parent=\"\" href=\"#\" style=\"outline: none;\">H\u1ea1t \u0111i\u1ec1u rang mu\u1ed1i sau khi b\u00f3c v\u1ecf nh\u00e2n v\u00e0ng \u00f3ng<\/a><\/h6>\n<h6 style=\"text-align: center;\"><a data-tcb_hover_state_parent=\"\" href=\"#\" style=\"outline: none;\">2 h\u1ed9p t\u1eb7ng k\u00e8m 1 t\u00fai v\u1ea3i \u0111\u1ecf kh\u00f4ng d\u1ec7t nh\u01b0 h\u00ecnh<\/a><\/h6>\n<h3>H\u1ea1t \u0111i\u1ec1u h\u1ed9p tr\u00f2n x\u1ebfp &#8211; (h\u1ea1t \u0111i\u1ec1u x\u1ebfp hoa)<\/h3>\n<h5 style=\"\">H\u1ea1t \u0111i\u1ec1u rang mu\u1ed1i A c\u1ed3 (A+)<\/h5>\n<p style=\"\">L\u00e0 size h\u1ea1t \u0111i\u1ec1u rang mu\u1ed1i size to nh\u1ea5t (ch\u1ec9 kho\u1ea3ng 37-39 h\u1ea1t \/ 100g)&nbsp;<\/p>\n<h5 style=\"\">Kh\u1ed1i l\u01b0\u1ee3ng 500g \/ h\u1ed9p<\/h5>\n<p style=\"\">Ngh\u0129a l\u00e0 c\u00e2n c\u1ea3 1 h\u1ed9p tr\u00f2n x\u1ebfp hoa l\u00e0 500g<\/p>\n<h5 style=\"\">H\u1ea1t \u0111i\u1ec1u x\u1ebfp h\u1ed9p Dihona<\/h5>\n<p style=\"\">2 h\u1ed9p \u0111i\u1ec1u x\u1ebfp h\u1ed9p &#8211; Dihona t\u1eb7ng k\u00e8m 1 t\u00fai x\u00e1ch v\u1ea3i kh\u00f4ng d\u1ec7t m\u00e0u \u0111\u1ecf<\/p>\n<p><span><img decoding=\"async\" alt=\"\" data-id=\"123\" width=\"1124\" data-init-width=\"1920\" height=\"157\" data-init-height=\"269\" title=\"deco lines bg\" loading=\"lazy\" src=\"\/\/dieurangmuoi.com.vn\/wp-content\/uploads\/tcb_lp_templates\/templates\/css\/images\/deco-lines-bg.png\" data-width=\"1124\" data-height=\"157\" style=\"aspect-ratio: auto 1920 \/ 269;\"><\/span><\/p>\n<h4>H\u1ea1t \u0111i\u1ec1u rang mu\u1ed1i A c\u1ed3<\/h4>\n<p style=\"\"><strong>H\u1ea1t \u0111i\u1ec1u h\u1ed9p tr\u00f2n x\u1ebfp \u0111\u1eb9p<\/strong> l\u00e0 s\u1ea3n ph\u1ea9m h\u1ea1t \u0111i\u1ec1u rang mu\u1ed1i c\u1ee7a Dihona v\u1edbi m\u1ed7i h\u1ed9p nh\u1ef1a tr\u00f2n x\u1ebfp \u0111\u1eb9p c\u00f3 tr\u1ecdng l\u01b0\u1ee3ng l\u00e0 500gr, b\u00ean trong c\u00f3 m\u1ed9t g\u00f3i oxi nh\u1ecf 2g, tr\u00ean tem nh\u00e3n c\u00f3 n\u01a1i s\u1ea3n xu\u1ea5t, c\u00f3 th\u1ec3 hi\u1ec7n kh\u1ed1i l\u01b0\u1ee3ng t\u1ecbnh, th\u00e0nh ph\u1ea7n, c\u00e1ch b\u1ea3o qu\u1ea3n, ng\u00e0y s\u1ea3n xu\u1ea5t, m\u00e3 s\u1ed1 thu\u1ebf, m\u00e3 v\u1ea1ch&#8230;<\/p>\n<p style=\"\">H\u1ea1t \u0111i\u1ec1u h\u1ed9p tr\u00f2n x\u1ebfp \u0111\u1eb9p ngon nh\u1ea5t l\u00e0 d\u00f9ng tr\u01b0\u1edbc 6 th\u00e1ng v\u00e0 sau khi khui h\u1ed9p h\u1ea1t \u0111i\u1ec1u ra d\u00f9ng th\u00ec d\u00f9ng trong v\u00f2ng t\u1eeb 1 &#8211; 2 th\u00e1ng l\u00e0 ngon nh\u1ea5t.<\/p>\n<p style=\"\">\u0110\u1ec3 x\u1ebfp \u0111\u01b0\u1ee3c h\u1ed9p h\u1ea1t \u0111i\u1ec1u \u0111\u1eb9p c\u1ea7n ch\u1ecdn l\u1ecdc&nbsp;<strong>h\u1ea1t \u0111i\u1ec1u lo\u1ea1i A+&nbsp;<\/strong>h\u1ea1t \u0111i\u1ec1u ch\u1eafc m\u1ea9y v\u00e0 \u0111\u1ec1u nhau v\u1ec1 k\u00edch c\u1ee1, kh\u00f4ng c\u00f3 h\u1ea1t v\u1ee1, h\u1ea1t s\u00e2u.<\/p>\n<p style=\"\">D\u00f9ng \u0111\u1ec3 bi\u1ebfu t\u1eb7ng b\u1ea1n b\u00e8 ng\u01b0\u1eddi th\u00e2n, b\u1ea1n b\u00e8 trong n\u01b0\u1edbc&#8230; r\u1ea5t \u0111\u01b0\u1ee3c kh\u00e1ch h\u00e0ng \u01b0u th\u00edch v\u00ec t\u00ednh ti\u1ec7n l\u1ee3i, m\u1edf n\u1eafp ra d\u00f9ng xong \u0111\u1eady k\u00edn l\u1ea1i l\u00e0 \u0111\u01b0\u1ee3c.<\/p>\n<p style=\"\">C\u00d3 \u0110\u1eb6T H\u00c0NG THEO Y\u00caU C\u1ea6U, TR\u1eccNG L\u01af\u1ee2NG H\u1ed8P, G\u00d3I OXI, HO\u1eb6C C\u00d3 TEM NH\u00c3N HO\u1eb6C KH\u00d4NG TEM NH\u00c3N THEO Y\u00caU C\u1ea6U<\/p>\n<p><span><img decoding=\"async\" alt=\"\" data-id=\"36\" width=\"65\" data-init-width=\"1000\" height=\"78\" data-init-height=\"1200\" title=\"11dieurangmuoi\" loading=\"lazy\" src=\"https:\/\/dieurangmuoi.com.vn\/wp-content\/uploads\/2025\/04\/11dieurangmuoi.png\" data-width=\"65\" data-height=\"78\" style=\"aspect-ratio: auto 1000 \/ 1200;\" ml-d=\"0\" center-h-d=\"false\"><\/span><\/p>\n<h5 style=\"text-align: center;\">Ho\u00e0n to\u00e0n t\u1ef1 nhi\u00ean<\/h5>\n<p style=\"text-align: center;\">\u200bH\u1ea1t \u0111i\u1ec1u ch\u1ec9 r\u1eeda v\u1edbi n\u01b0\u1edbc mu\u1ed1i v\u00e0 rang v\u1edbi mu\u1ed1i<\/p>\n<p><span><img decoding=\"async\" alt=\"\" data-id=\"36\" width=\"65\" data-init-width=\"1000\" height=\"78\" data-init-height=\"1200\" title=\"11dieurangmuoi\" loading=\"lazy\" src=\"https:\/\/dieurangmuoi.com.vn\/wp-content\/uploads\/2025\/04\/11dieurangmuoi.png\" data-width=\"65\" data-height=\"78\" style=\"aspect-ratio: auto 1000 \/ 1200;\" ml-d=\"0\" center-h-d=\"false\"><\/span><\/p>\n<h5 style=\"text-align: center;\">kh\u00f4ng ch\u1ea5t b\u1ea3o qu\u1ea3n<\/h5>\n<p style=\"text-align: center;\">B\u00ean trong h\u1ed9p ch\u1ec9 c\u00f3 g\u00f3i oxi<\/p>\n<p><span><img decoding=\"async\" alt=\"\" data-id=\"36\" width=\"65\" data-init-width=\"1000\" height=\"78\" data-init-height=\"1200\" title=\"11dieurangmuoi\" loading=\"lazy\" src=\"https:\/\/dieurangmuoi.com.vn\/wp-content\/uploads\/2025\/04\/11dieurangmuoi.png\" data-width=\"65\" data-height=\"78\" style=\"aspect-ratio: auto 1000 \/ 1200;\" ml-d=\"0\" center-h-d=\"false\"><\/span><\/p>\n<h5 style=\"text-align: center;\">d\u1ed3i d\u00e0o dinh d\u01b0\u1ee1ng<\/h5>\n<p style=\"text-align: center;\">H\u1ea1t \u0111i\u1ec1u l\u00e0 lo\u1ea1i h\u1ea1t d\u1ed3i d\u00e0o dinh d\u01b0\u1ee1ng, ph\u00f9 h\u1ee3p v\u1edbi nhi\u1ec1u \u0111\u1ed1i t\u01b0\u1ee3ng s\u1eed d\u1ee5ng<\/p>\n<p><span><img decoding=\"async\" alt=\"\" data-id=\"36\" width=\"65\" data-init-width=\"1000\" height=\"78\" data-init-height=\"1200\" title=\"11dieurangmuoi\" loading=\"lazy\" src=\"https:\/\/dieurangmuoi.com.vn\/wp-content\/uploads\/2025\/04\/11dieurangmuoi.png\" data-width=\"65\" data-height=\"78\" style=\"aspect-ratio: auto 1000 \/ 1200;\" ml-d=\"0\" center-h-d=\"false\"><\/span><\/p>\n<h5 style=\"text-align: center;\">Ch\u1ea5t l\u01b0\u1ee3ng xu\u1ea5t kh\u1ea9u<\/h5>\n<p style=\"text-align: center;\">H\u1ea1t \u0111i\u1ec1u \u0111\u01b0\u1ee3c l\u1ef1a k\u0129&nbsp; nh\u1eefng h\u1ea1t s\u00e2u, teo, b\u1ec3 tr\u01b0\u1edbc khi x\u1ebfp h\u1ed9p<\/p>\n<h2 style=\"text-align: center;\">C\u00d3 TH\u1ec2 B\u1ea0N CH\u01afA BI\u1ebeT?<\/h2>\n<h4 style=\"\">\u201c<\/h4>\n<p style=\"\">H\u1ea1t \u0111i\u1ec1u rang mu\u1ed1i A c\u1ed3 (hay c\u00f2n g\u1ecdi l\u00e0 h\u1ea1t \u0111i\u1ec1u rang mu\u1ed1i h\u1ea1t to nh\u1ea5t, h\u1ea1t \u0111i\u1ec1u rang mu\u1ed1i A+) l\u00e0 h\u1ea1t \u0111i\u1ec1u rang mu\u1ed1i c\u00f3 ngu\u1ed3n g\u1ed1c t\u1eeb Campuchia (hay c\u00f2n g\u1ecdi l\u00e0 h\u1ea1t \u0111i\u1ec1u Cam).<\/p>\n<p style=\"\">&#8211;<strong> \u01afu \u0111i\u1ec3m: <\/strong>h\u1ea1t to \u0111\u1ec1u h\u01a1n \u0111i\u1ec1u B\u00ecnh Ph\u01b0\u1edbc, v\u1ecf l\u1ee5a m\u00e0u s\u00e1ng (c\u0169ng c\u00f3 v\u1ecf l\u1ee5a m\u00e0u s\u1eabm h\u01a1n) &nbsp;x\u1ebfp h\u1ed9p s\u1ebd \u0111\u1eb9p h\u01a1n, c\u00f3 v\u1ecb ng\u1ecdt<\/p>\n<p style=\"\"><strong>&#8211; Nh\u01b0\u1ee3c \u0111i\u1ec3m:<\/strong> kh\u00f4ng c\u00f3 v\u1ecb b\u00e9o, c\u0169ng c\u00f3 nhi\u1ec1u h\u1ea1t to nh\u01b0ng nh\u0103n nh\u0103n kh\u00f4ng l\u00e1ng b\u00f3ng l\u1eafm, kh\u00f3 tr\u00f3c v\u1ecf l\u1ee5a ph\u1ea7n s\u1ed1ng l\u01b0ng h\u01a1n so v\u1edbi \u0111i\u1ec1u B\u00ecnh Ph\u01b0\u1edbc<\/p>\n<h4 style=\"\">\u201c<\/h4>\n<p style=\"\">Ho\u00e0n to\u00e0n c\u00e1c m\u1eabu h\u1ed9p h\u1ea1t \u0111i\u1ec1u x\u1ebfp hoa \u0111\u1ec1u l\u00e0 h\u00e0ng Cam, ch\u1ec9 tr\u1eeb m\u1ed9t v\u00e0i tr\u01b0\u1eddng h\u1ee3p kh\u00e1ch \u0111\u1eb7t ho\u1eb7c \u0111\u1ea1i l\u00ed \u0111\u1eb7t x\u1ebfp h\u00e0ng B\u00ecnh Ph\u01b0\u1edbc (h\u1ea1t \u0111i\u1ec1u Vi\u1ec7t Nam) th\u00ec m\u1edbi x\u1ebfp.<\/p>\n<p style=\"\">V\u00ec c\u00f9ng l\u00e0 size A c\u1ed3 nh\u01b0ng \u0111i\u1ec1u B\u00ecnh Ph\u01b0\u1edbc size to \u0111\u1ec3 x\u1ebfp h\u1ed9p th\u00ec t\u1ea7m 41-44 h\u1ea1t \/ 100g m\u1edbi x\u1ebfp \u0111\u01b0\u1ee3c, v\u00ec fom \u0111i\u1ec1u B\u00ecnh Ph\u01b0\u1edbc nh\u1ecf h\u01a1n, n\u00ean kh\u00f3 x\u1ebfp h\u1ed9p h\u01a1n, s\u1ebd d\u1ec5 b\u1ecb m\u1ea5t fom h\u1ed9p.<\/p>\n<p style=\"\">V\u00e0 tr\u1ecdng l\u01b0\u1ee3ng ri\u00eang c\u1ee7a h\u1ed9p nh\u1ef1a, c\u1ee7a g\u00f3i oxi b\u00ean trong c\u0169ng c\u00f3 th\u1ec3 \u0111\u1eb7t theo y\u00eau c\u1ea7u \u0111\u1ec3 \u0111\u1ecbnh gi\u00e1 s\u1ea3n ph\u1ea9m.<\/p>\n","protected":false},"excerpt":{"rendered":"<p>H\u1ea1t \u0111i\u1ec1u rang mu\u1ed1i \u0110\u1eb7c s\u1ea3n B\u00ecnh Ph\u01b0\u1edbc H\u1ea1t \u0111i\u1ec1u rang mu\u1ed1i size A c\u1ed3 (A+) Kh\u1ed1i l\u01b0\u1ee3ng 500g \/ h\u1ed9p H\u1ea1t \u0111i\u1ec1u rang mu\u1ed1i sau khi b\u00f3c v\u1ecf nh\u00e2n v\u00e0ng \u00f3ng 2 h\u1ed9p t\u1eb7ng k\u00e8m 1 t\u00fai v\u1ea3i \u0111\u1ecf kh\u00f4ng d\u1ec7t nh\u01b0 h\u00ecnh H\u1ea1t \u0111i\u1ec1u h\u1ed9p tr\u00f2n x\u1ebfp &#8211; (h\u1ea1t \u0111i\u1ec1u x\u1ebfp hoa) H\u1ea1t [&hellip;]<\/p>\n","protected":false},"author":1,"featured_media":0,"parent":0,"menu_order":0,"comment_status":"closed","ping_status":"closed","template":"","meta":{"footnotes":""},"class_list":["post-9","page","type-page","status-publish","hentry"],"_links":{"self":[{"href":"https:\/\/dieurangmuoi.com.vn\/index.php\/wp-json\/wp\/v2\/pages\/9","targetHints":{"allow":["GET"]}}],"collection":[{"href":"https:\/\/dieurangmuoi.com.vn\/index.php\/wp-json\/wp\/v2\/pages"}],"about":[{"href":"https:\/\/dieurangmuoi.com.vn\/index.php\/wp-json\/wp\/v2\/types\/page"}],"author":[{"embeddable":true,"href":"https:\/\/dieurangmuoi.com.vn\/index.php\/wp-json\/wp\/v2\/users\/1"}],"replies":[{"embeddable":true,"href":"https:\/\/dieurangmuoi.com.vn\/index.php\/wp-json\/wp\/v2\/comments?post=9"}],"version-history":[{"count":24,"href":"https:\/\/dieurangmuoi.com.vn\/index.php\/wp-json\/wp\/v2\/pages\/9\/revisions"}],"predecessor-version":[{"id":54,"href":"https:\/\/dieurangmuoi.com.vn\/index.php\/wp-json\/wp\/v2\/pages\/9\/revisions\/54"}],"wp:attachment":[{"href":"https:\/\/dieurangmuoi.com.vn\/index.php\/wp-json\/wp\/v2\/media?parent=9"}],"curies":[{"name":"wp","href":"https:\/\/api.w.org\/{rel}","templated":true}]}}